{"id":311,"date":"2019-10-28T08:29:35","date_gmt":"2019-10-28T08:29:35","guid":{"rendered":"https:\/\/niceandeasy.team\/?page_id=311"},"modified":"2025-01-20T17:19:15","modified_gmt":"2025-01-20T16:19:15","slug":"news","status":"publish","type":"page","link":"https:\/\/www.niceandeasy.team\/index.php\/news\/","title":{"rendered":"News"},"content":{"rendered":"<p><div class=\"fusion-fullwidth fullwidth-box fusion-builder-row-1 fusion-flex-container fusion-parallax-none nonhundred-percent-fullwidth non-hundred-percent-height-scrolling\" style=\"--awb-background-position:center bottom;--awb-border-radius-top-left:0px;--awb-border-radius-top-right:0px;--awb-border-radius-bottom-right:0px;--awb-border-radius-bottom-left:0px;--awb-padding-top:18%;--awb-padding-bottom:12%;--awb-background-image:linear-gradient(0deg, rgba(211,104,249,0.66) 0%,rgba(0,0,0,0.45) 100%),url(https:\/\/www.niceandeasy.team\/wp-content\/uploads\/2021\/03\/Studio-768x461-1.jpg);;--awb-background-size:cover;--awb-flex-wrap:wrap;\" ><div class=\"fusion-builder-row fusion-row fusion-flex-align-items-flex-start fusion-flex-content-wrap\" style=\"max-width:calc( 1140px + 0px );margin-left: calc(-0px \/ 2 );margin-right: calc(-0px \/ 2 );\"><div class=\"fusion-layout-column fusion_builder_column fusion-builder-column-0 fusion_builder_column_1_1 1_1 fusion-flex-column fusion-animated\" style=\"--awb-bg-position:center center;--awb-bg-size:cover;--awb-width-large:100%;--awb-margin-top-large:0px;--awb-spacing-right-large:0px;--awb-margin-bottom-large:0px;--awb-spacing-left-large:0px;--awb-width-medium:100%;--awb-spacing-right-medium:0px;--awb-spacing-left-medium:0px;--awb-width-small:100%;--awb-spacing-right-small:0px;--awb-spacing-left-small:0px;\" data-animationType=\"fadeInUp\" data-animationDuration=\"1.0\" data-animationOffset=\"top-into-view\"><div class=\"fusion-column-wrapper fusion-column-has-shadow fusion-flex-justify-content-flex-start fusion-content-layout-column\"><div class=\"fusion-title title fusion-title-1 fusion-sep-none fusion-title-center fusion-title-text fusion-title-size-one\" style=\"--awb-margin-bottom:0px;--awb-margin-bottom-small:0px;\"><h1 class=\"fusion-title-heading title-heading-center fusion-responsive-typography-calculated\" style=\"margin:0;--fontSize:100;line-height:1.4;\">News<\/h1><\/div><\/div><\/div><\/div><\/div><div class=\"fusion-fullwidth fullwidth-box fusion-builder-row-2 fusion-flex-container hundred-percent-fullwidth non-hundred-percent-height-scrolling\" style=\"--awb-border-radius-top-left:0px;--awb-border-radius-top-right:0px;--awb-border-radius-bottom-right:0px;--awb-border-radius-bottom-left:0px;--awb-padding-right:0px;--awb-padding-bottom:0px;--awb-padding-left:0px;--awb-flex-wrap:wrap;\" ><div class=\"fusion-builder-row fusion-row fusion-flex-align-items-flex-start fusion-flex-content-wrap\" style=\"width:calc( 100% + 0px ) !important;max-width:calc( 100% + 0px ) !important;margin-left: calc(-0px \/ 2 );margin-right: calc(-0px \/ 2 );\"><div class=\"fusion-layout-column fusion_builder_column fusion-builder-column-1 fusion_builder_column_1_1 1_1 fusion-flex-column fusion-animated\" style=\"--awb-padding-top:10%;--awb-padding-right:10%;--awb-padding-left:10%;--awb-bg-color:#fff0e8;--awb-bg-color-hover:#fff0e8;--awb-bg-size:cover;--awb-width-large:100%;--awb-margin-top-large:0px;--awb-spacing-right-large:0px;--awb-margin-bottom-large:0px;--awb-spacing-left-large:0px;--awb-width-medium:100%;--awb-order-medium:0;--awb-spacing-right-medium:0px;--awb-spacing-left-medium:0px;--awb-width-small:100%;--awb-order-small:0;--awb-spacing-right-small:0px;--awb-spacing-left-small:0px;\" data-animationType=\"fadeInRight\" data-animationDuration=\"1.0\" data-animationOffset=\"top-into-view\"><div class=\"fusion-column-wrapper fusion-column-has-shadow fusion-flex-justify-content-flex-start fusion-content-layout-column\"><div class=\"fusion-form fusion-form-builder fusion-form-form-wrapper fusion-form-789\" style=\"--awb-tooltip-text-color:#ffffff;--awb-tooltip-background-color:#333333;--awb-field-margin-top:15px;--awb-field-margin-bottom:15px;\" data-form-id=\"789\" data-config=\"{&quot;form_id&quot;:&quot;789&quot;,&quot;form_post_id&quot;:&quot;789&quot;,&quot;post_id&quot;:311,&quot;form_type&quot;:&quot;ajax&quot;,&quot;confirmation_type&quot;:&quot;message&quot;,&quot;redirect_url&quot;:&quot;&quot;,&quot;redirect_timeout&quot;:&quot;0&quot;,&quot;field_labels&quot;:[],&quot;field_logics&quot;:[],&quot;field_types&quot;:[],&quot;nonce_method&quot;:&quot;ajax&quot;,&quot;form_views&quot;:&quot;ajax&quot;,&quot;form_views_counting&quot;:&quot;all&quot;}\"><form action=\"https:\/\/www.niceandeasy.team\/index.php\/news\/\" method=\"method\" class=\"fusion-form fusion-form-789\"><input type=\"hidden\" name=\"fusion_privacy_store_ip_ua\" value=\"false\"><input type=\"hidden\" name=\"fusion_privacy_expiration_interval\" value=\"48\"><input type=\"hidden\" name=\"privacy_expiration_action\" value=\"anonymize\"><\/form><\/div><div class=\"fusion-separator fusion-full-width-sep\" style=\"align-self: center;margin-left: auto;margin-right: auto;margin-bottom:50px;width:100%;\"><\/div><div class=\"fusion-section-separator section-separator hills fusion-section-separator-1 fusion-no-small-visibility fusion-no-medium-visibility\" style=\"--awb-spacer-padding-top:inherit;--awb-svg-margin-left:0px;--awb-svg-margin-right:0px;--awb-svg-margin-left-medium:0px;--awb-svg-margin-right-medium:0px;--awb-svg-margin-left-small:0px;--awb-svg-margin-right-small:0px;--awb-divider-height:100px;--awb-spacer-height:100px;--awb-sep-font-size:0;--awb-sep-line-height:0;\"><div class=\"fusion-section-separator-svg\"><svg class=\"fusion-hills-candy\" xmlns=\"http:\/\/www.w3.org\/2000\/svg\" version=\"1.1\" width=\"100%\" viewBox=\"0 74 1024 107\" preserveAspectRatio=\"none\" fill=\"rgba(255,255,255,1)\"><path class=\"st4\" d=\"M0 182.086h1024v-77.312c-49.05 20.07-120.525 42.394-193.229 42.086-128.922-.512-159.846-72.294-255.795-72.294-89.088 0-134.656 80.179-245.043 82.022S169.063 99.346 49.971 97.401C32.768 97.094 16.077 99.244 0 103.135v78.951z\"\/><\/svg><\/div><div class=\"fusion-section-separator-spacer\"><div class=\"fusion-section-separator-spacer-height\"><\/div><\/div><\/div><\/div><\/div><div class=\"fusion-layout-column fusion_builder_column fusion-builder-column-2 fusion_builder_column_1_5 1_5 fusion-flex-column\" style=\"--awb-bg-size:cover;--awb-width-large:20%;--awb-margin-top-large:0px;--awb-spacing-right-large:0px;--awb-margin-bottom-large:0px;--awb-spacing-left-large:0px;--awb-width-medium:100%;--awb-order-medium:0;--awb-spacing-right-medium:0px;--awb-spacing-left-medium:0px;--awb-width-small:100%;--awb-order-small:0;--awb-spacing-right-small:0px;--awb-spacing-left-small:0px;\"><div class=\"fusion-column-wrapper fusion-column-has-shadow fusion-flex-justify-content-flex-start fusion-content-layout-column\"><\/div><\/div><div class=\"fusion-layout-column fusion_builder_column fusion-builder-column-3 fusion_builder_column_3_5 3_5 fusion-flex-column fusion-animated\" style=\"--awb-padding-top:6%;--awb-padding-right:6%;--awb-padding-bottom:6%;--awb-padding-left:6%;--awb-bg-size:cover;--awb-width-large:60%;--awb-margin-top-large:0px;--awb-spacing-right-large:0px;--awb-margin-bottom-large:0px;--awb-spacing-left-large:0px;--awb-width-medium:100%;--awb-spacing-right-medium:0px;--awb-spacing-left-medium:0px;--awb-width-small:100%;--awb-spacing-right-small:0px;--awb-spacing-left-small:0px;\" data-animationType=\"fadeInLeft\" data-animationDuration=\"1.0\" data-animationOffset=\"top-into-view\"><div class=\"fusion-column-wrapper fusion-column-has-shadow fusion-flex-justify-content-flex-start fusion-content-layout-column\"><div class=\"fusion-blog-shortcode fusion-blog-shortcode-1 fusion-blog-archive fusion-blog-layout-grid-wrapper fusion-blog-no\"><style type=\"text\/css\">.fusion-blog-shortcode-1 .fusion-blog-layout-grid .fusion-post-grid{padding:12px;}.fusion-blog-shortcode-1 .fusion-posts-container{margin-left: -12px !important; margin-right:-12px !important;}<\/style><div class=\"fusion-posts-container fusion-posts-container-no fusion-blog-rollover fusion-blog-layout-grid fusion-blog-layout-grid-2 isotope fusion-blog-equal-heights\" data-pages=\"1\" data-grid-col-space=\"24\" style=\"margin: -12px -12px 0;min-height:500px;\"><article id=\"blog-1-post-1851\" class=\"fusion-post-grid post-1851 post type-post status-publish format-standard has-post-thumbnail hentry category-news\">\n<div class=\"fusion-post-wrapper\" style=\"background-color:rgba(255,255,255,0);border:none;\">\n\n\t\t\t<div class=\"fusion-flexslider flexslider fusion-flexslider-loading fusion-post-slideshow\" style=\"border-color:rgba(235,234,234,0);\">\n\t\t<ul class=\"slides\">\n\t\t\t\n\t\t\t\t\t\t\t\t\t\t\t\t\t\t<li><div  class=\"fusion-image-wrapper\" aria-haspopup=\"true\">\n\t\t\t\t<img decoding=\"async\" width=\"2560\" height=\"1707\" src=\"https:\/\/www.niceandeasy.team\/wp-content\/uploads\/2025\/01\/Studio04-scaled.webp\" class=\"attachment-full size-full wp-post-image\" alt=\"\" srcset=\"https:\/\/www.niceandeasy.team\/wp-content\/uploads\/2025\/01\/Studio04-200x133.webp 200w, https:\/\/www.niceandeasy.team\/wp-content\/uploads\/2025\/01\/Studio04-400x267.webp 400w, https:\/\/www.niceandeasy.team\/wp-content\/uploads\/2025\/01\/Studio04-600x400.webp 600w, https:\/\/www.niceandeasy.team\/wp-content\/uploads\/2025\/01\/Studio04-800x533.webp 800w, https:\/\/www.niceandeasy.team\/wp-content\/uploads\/2025\/01\/Studio04-1200x800.webp 1200w, https:\/\/www.niceandeasy.team\/wp-content\/uploads\/2025\/01\/Studio04-scaled.webp 2560w\" sizes=\"(min-width: 2200px) 100vw, (min-width: 712px) 558px, (min-width: 640px) 712px, \" \/><div class=\"fusion-rollover\">\n\t<div class=\"fusion-rollover-content\">\n\n\t\t\t\t\n\t\t\n\t\t\t\t\t\t\t\t\n\t\t\t\t\t\t\t\t\n\t\t\n\t\t\t\t\t\t<a class=\"fusion-link-wrapper\" href=\"https:\/\/www.niceandeasy.team\/index.php\/2021\/06\/13\/6-gruende\/\" aria-label=\"6 Gr\u00fcnde, warum Du mit POLESPORT starten solltest&#8230;\"><\/a>\n\t<\/div>\n<\/div>\n<\/div>\n<\/li>\n\t\t\t\n\t\t\t\n\t\t\t\t\t\t\t\t\t\t\t\t\t\t\t\t\t\t\t\t\t\t\t\t\t\t\t\t\t\t\t\t\t\t\t\t\t\t\t\t\t\t\t\t\t\t\t\t\t\t\t\t\t\t\t\t\t\t\t\t\t\t\t\t\t\t\t\t<\/ul>\n\t<\/div>\n\t<div class=\"fusion-post-content-wrapper\" style=\"padding:20px 0 0 0;\"><div class=\"fusion-post-content post-content\"><h2 class=\"blog-shortcode-post-title entry-title\"><a href=\"https:\/\/www.niceandeasy.team\/index.php\/2021\/06\/13\/6-gruende\/\">6 Gr\u00fcnde, warum Du mit POLESPORT starten solltest&#8230;<\/a><\/h2><p class=\"fusion-single-line-meta\"><span class=\"vcard\" style=\"display: none;\"><span class=\"fn\"><a href=\"https:\/\/www.niceandeasy.team\/index.php\/author\/astrid-knoblauch\/\" title=\"Beitr\u00e4ge von Astrid Knoblauch\" rel=\"author\">Astrid Knoblauch<\/a><\/span><\/span><span class=\"updated\" style=\"display:none;\">2025-03-12T14:21:51+01:00<\/span><span>13\/06\/2021<\/span><span class=\"fusion-inline-sep\">|<\/span>Categories: <a href=\"https:\/\/www.niceandeasy.team\/index.php\/category\/news\/\" rel=\"category tag\">News<\/a><span class=\"fusion-inline-sep\">|<\/span><\/p><div class=\"fusion-content-sep sep-none\"><\/div><div class=\"fusion-post-content-container\"><p>     POLESPORT macht Spa\u00df Was ist das besondere an POLESPORT? Und ist POLESPORT der richtige Sport f\u00fcr Dich? POLESPORT macht Spa\u00df und h\u00e4lt fit und ist<\/p><\/div><\/div><div class=\"fusion-meta-info\"><div class=\"fusion-alignleft\"><a class=\"fusion-read-more\" href=\"https:\/\/www.niceandeasy.team\/index.php\/2021\/06\/13\/6-gruende\/\" aria-label=\"More on 6 Gr\u00fcnde, warum Du mit POLESPORT starten solltest&#8230;\">Read More<\/a><\/div><\/div><\/div><div class=\"fusion-clearfix\"><\/div><\/div>\n<\/article>\n<article id=\"blog-1-post-1781\" class=\"fusion-post-grid post-1781 post type-post status-publish format-standard has-post-thumbnail hentry category-news\">\n<div class=\"fusion-post-wrapper\" style=\"background-color:rgba(255,255,255,0);border:none;\">\n\n\t\t\t<div class=\"fusion-flexslider flexslider fusion-flexslider-loading fusion-post-slideshow\" style=\"border-color:rgba(235,234,234,0);\">\n\t\t<ul class=\"slides\">\n\t\t\t\n\t\t\t\t\t\t\t\t\t\t\t\t\t\t<li><div  class=\"fusion-image-wrapper\" aria-haspopup=\"true\">\n\t\t\t\t<img decoding=\"async\" width=\"2560\" height=\"1537\" src=\"https:\/\/www.niceandeasy.team\/wp-content\/uploads\/2021\/04\/2676_Hula.jpg\" class=\"attachment-full size-full wp-post-image\" alt=\"Hula Hoop Kurse\" srcset=\"https:\/\/www.niceandeasy.team\/wp-content\/uploads\/2021\/04\/2676_Hula-200x120.jpg 200w, https:\/\/www.niceandeasy.team\/wp-content\/uploads\/2021\/04\/2676_Hula-400x240.jpg 400w, https:\/\/www.niceandeasy.team\/wp-content\/uploads\/2021\/04\/2676_Hula-600x360.jpg 600w, https:\/\/www.niceandeasy.team\/wp-content\/uploads\/2021\/04\/2676_Hula-800x480.jpg 800w, https:\/\/www.niceandeasy.team\/wp-content\/uploads\/2021\/04\/2676_Hula-1200x720.jpg 1200w, https:\/\/www.niceandeasy.team\/wp-content\/uploads\/2021\/04\/2676_Hula.jpg 2560w\" sizes=\"(min-width: 2200px) 100vw, (min-width: 712px) 558px, (min-width: 640px) 712px, \" \/><div class=\"fusion-rollover\">\n\t<div class=\"fusion-rollover-content\">\n\n\t\t\t\t\n\t\t\n\t\t\t\t\t\t\t\t\n\t\t\t\t\t\t\t\t\n\t\t\n\t\t\t\t\t\t<a class=\"fusion-link-wrapper\" href=\"https:\/\/www.niceandeasy.team\/index.php\/2021\/04\/09\/hula-hoop-kurse\/\" aria-label=\"Hula Hoop Kurse\"><\/a>\n\t<\/div>\n<\/div>\n<\/div>\n<\/li>\n\t\t\t\n\t\t\t\n\t\t\t\t\t\t\t\t\t\t\t\t\t\t\t\t\t\t\t\t\t\t\t\t\t\t\t\t\t\t\t\t\t\t\t\t\t\t\t\t\t\t\t\t\t\t\t\t\t\t\t\t\t\t\t\t\t\t\t\t\t\t\t\t\t\t\t\t<\/ul>\n\t<\/div>\n\t<div class=\"fusion-post-content-wrapper\" style=\"padding:20px 0 0 0;\"><div class=\"fusion-post-content post-content\"><h2 class=\"blog-shortcode-post-title entry-title\"><a href=\"https:\/\/www.niceandeasy.team\/index.php\/2021\/04\/09\/hula-hoop-kurse\/\">Hula Hoop Kurse<\/a><\/h2><p class=\"fusion-single-line-meta\"><span class=\"vcard\" style=\"display: none;\"><span class=\"fn\"><a href=\"https:\/\/www.niceandeasy.team\/index.php\/author\/astrid-knoblauch\/\" title=\"Beitr\u00e4ge von Astrid Knoblauch\" rel=\"author\">Astrid Knoblauch<\/a><\/span><\/span><span class=\"updated\" style=\"display:none;\">2024-01-30T22:13:02+01:00<\/span><span>09\/04\/2021<\/span><span class=\"fusion-inline-sep\">|<\/span>Categories: <a href=\"https:\/\/www.niceandeasy.team\/index.php\/category\/news\/\" rel=\"category tag\">News<\/a><span class=\"fusion-inline-sep\">|<\/span><\/p><div class=\"fusion-content-sep sep-none\"><\/div><div class=\"fusion-post-content-container\"><p>     Freie Hula Hoop Stunden. Du hast bereits einen Hula? Dann melde Dich bei uns an: Kontakt Wer einen professionell auf K\u00f6rperma\u00dfe gefertigten Hula Reifen kaufen<\/p><\/div><\/div><div class=\"fusion-meta-info\"><div class=\"fusion-alignleft\"><a class=\"fusion-read-more\" href=\"https:\/\/www.niceandeasy.team\/index.php\/2021\/04\/09\/hula-hoop-kurse\/\" aria-label=\"More on Hula Hoop Kurse\">Read More<\/a><\/div><\/div><\/div><div class=\"fusion-clearfix\"><\/div><\/div>\n<\/article>\n<article id=\"blog-1-post-518\" class=\"fusion-post-grid post-518 post type-post status-publish format-standard has-post-thumbnail hentry category-news\">\n<div class=\"fusion-post-wrapper\" style=\"background-color:rgba(255,255,255,0);border:none;\">\n\n\t\t\t<div class=\"fusion-flexslider flexslider fusion-flexslider-loading fusion-post-slideshow\" style=\"border-color:rgba(235,234,234,0);\">\n\t\t<ul class=\"slides\">\n\t\t\t\n\t\t\t\t\t\t\t\t\t\t\t\t\t\t<li><div  class=\"fusion-image-wrapper\" aria-haspopup=\"true\">\n\t\t\t\t<img decoding=\"async\" width=\"1328\" height=\"2000\" src=\"https:\/\/www.niceandeasy.team\/wp-content\/uploads\/2025\/01\/DSC_8417.webp\" class=\"attachment-full size-full wp-post-image\" alt=\"\" srcset=\"https:\/\/www.niceandeasy.team\/wp-content\/uploads\/2025\/01\/DSC_8417-200x301.webp 200w, https:\/\/www.niceandeasy.team\/wp-content\/uploads\/2025\/01\/DSC_8417-400x602.webp 400w, https:\/\/www.niceandeasy.team\/wp-content\/uploads\/2025\/01\/DSC_8417-600x904.webp 600w, https:\/\/www.niceandeasy.team\/wp-content\/uploads\/2025\/01\/DSC_8417-800x1205.webp 800w, https:\/\/www.niceandeasy.team\/wp-content\/uploads\/2025\/01\/DSC_8417-1200x1807.webp 1200w, https:\/\/www.niceandeasy.team\/wp-content\/uploads\/2025\/01\/DSC_8417.webp 1328w\" sizes=\"(min-width: 2200px) 100vw, (min-width: 712px) 558px, (min-width: 640px) 712px, \" \/><div class=\"fusion-rollover\">\n\t<div class=\"fusion-rollover-content\">\n\n\t\t\t\t\n\t\t\n\t\t\t\t\t\t\t\t\n\t\t\t\t\t\t\t\t\n\t\t\n\t\t\t\t\t\t<a class=\"fusion-link-wrapper\" href=\"https:\/\/www.niceandeasy.team\/index.php\/2021\/03\/05\/sportkleidung\/\" aria-label=\"Welche Sportkleidung beim Training?\"><\/a>\n\t<\/div>\n<\/div>\n<\/div>\n<\/li>\n\t\t\t\n\t\t\t\n\t\t\t\t\t\t\t\t\t\t\t\t\t\t\t\t\t\t\t\t\t\t\t\t\t\t\t\t\t\t\t\t\t\t\t\t\t\t\t\t\t\t\t\t\t\t\t\t\t\t\t\t\t\t\t\t\t\t\t\t\t\t\t\t\t\t\t\t<\/ul>\n\t<\/div>\n\t<div class=\"fusion-post-content-wrapper\" style=\"padding:20px 0 0 0;\"><div class=\"fusion-post-content post-content\"><h2 class=\"blog-shortcode-post-title entry-title\"><a href=\"https:\/\/www.niceandeasy.team\/index.php\/2021\/03\/05\/sportkleidung\/\">Welche Sportkleidung beim Training?<\/a><\/h2><p class=\"fusion-single-line-meta\"><span class=\"vcard\" style=\"display: none;\"><span class=\"fn\"><a href=\"https:\/\/www.niceandeasy.team\/index.php\/author\/v9ksmv6mlq\/\" title=\"Beitr\u00e4ge von v9ksMV6Mlq\" rel=\"author\">v9ksMV6Mlq<\/a><\/span><\/span><span class=\"updated\" style=\"display:none;\">2025-01-20T17:17:00+01:00<\/span><span>05\/03\/2021<\/span><span class=\"fusion-inline-sep\">|<\/span>Categories: <a href=\"https:\/\/www.niceandeasy.team\/index.php\/category\/news\/\" rel=\"category tag\">News<\/a><span class=\"fusion-inline-sep\">|<\/span><\/p><div class=\"fusion-content-sep sep-none\"><\/div><div class=\"fusion-post-content-container\"><p><\/p><p>        Must-Haves f\u00fcr deinen n\u00e4chsten POLESPORT-Kurs! <\/p>\n<\/div><\/div><div class=\"fusion-meta-info\"><div class=\"fusion-alignleft\"><a class=\"fusion-read-more\" href=\"https:\/\/www.niceandeasy.team\/index.php\/2021\/03\/05\/sportkleidung\/\" aria-label=\"More on Welche Sportkleidung beim Training?\">Read More<\/a><\/div><\/div><\/div><div class=\"fusion-clearfix\"><\/div><\/div>\n<\/article>\n<div class=\"fusion-clearfix\"><\/div><\/div><\/div><\/div><\/div><div class=\"fusion-layout-column fusion_builder_column fusion-builder-column-4 fusion_builder_column_1_5 1_5 fusion-flex-column\" style=\"--awb-bg-size:cover;--awb-width-large:20%;--awb-margin-top-large:0px;--awb-spacing-right-large:0px;--awb-margin-bottom-large:0px;--awb-spacing-left-large:0px;--awb-width-medium:100%;--awb-order-medium:0;--awb-spacing-right-medium:0px;--awb-spacing-left-medium:0px;--awb-width-small:100%;--awb-order-small:0;--awb-spacing-right-small:0px;--awb-spacing-left-small:0px;\"><div class=\"fusion-column-wrapper fusion-column-has-shadow fusion-flex-justify-content-flex-start fusion-content-layout-column\"><\/div><\/div><\/div><\/div><\/p>\n","protected":false},"excerpt":{"rendered":"","protected":false},"author":1,"featured_media":0,"parent":0,"menu_order":0,"comment_status":"closed","ping_status":"closed","template":"100-width.php","meta":{"footnotes":""},"class_list":["post-311","page","type-page","status-publish","hentry"],"yoast_head":"<!-- This site is optimized with the Yoast SEO plugin v26.9 - https:\/\/yoast.com\/product\/yoast-seo-wordpress\/ -->\n<title>News im Polesport Langenfeld =&gt; Jetzt informieren<\/title>\n<meta name=\"description\" content=\"News, Trends und immer gut informiert: Polesport Langenfeld informiert \u00fcber alles was WICHTIG ist. Jetzt die News lesen\" \/>\n<meta name=\"robots\" content=\"index, follow, max-snippet:-1, max-image-preview:large, max-video-preview:-1\" \/>\n<link rel=\"canonical\" href=\"https:\/\/www.niceandeasy.team\/index.php\/news\/\" \/>\n<meta property=\"og:locale\" content=\"de_DE\" \/>\n<meta property=\"og:type\" content=\"article\" \/>\n<meta property=\"og:title\" content=\"News im Polesport Langenfeld =&gt; Jetzt informieren\" \/>\n<meta property=\"og:description\" content=\"News, Trends und immer gut informiert: Polesport Langenfeld informiert \u00fcber alles was WICHTIG ist. Jetzt die News lesen\" \/>\n<meta property=\"og:url\" content=\"https:\/\/www.niceandeasy.team\/index.php\/news\/\" \/>\n<meta property=\"og:site_name\" content=\"Nice &amp; Easy\" \/>\n<meta property=\"article:modified_time\" content=\"2025-01-20T16:19:15+00:00\" \/>\n<meta name=\"twitter:card\" content=\"summary_large_image\" \/>\n<meta name=\"twitter:label1\" content=\"Gesch\u00e4tzte Lesezeit\" \/>\n\t<meta name=\"twitter:data1\" content=\"4\u00a0Minuten\" \/>\n<script type=\"application\/ld+json\" class=\"yoast-schema-graph\">{\"@context\":\"https:\/\/schema.org\",\"@graph\":[{\"@type\":\"WebPage\",\"@id\":\"https:\/\/www.niceandeasy.team\/index.php\/news\/\",\"url\":\"https:\/\/www.niceandeasy.team\/index.php\/news\/\",\"name\":\"News im Polesport Langenfeld => Jetzt informieren\",\"isPartOf\":{\"@id\":\"https:\/\/www.niceandeasy.team\/#website\"},\"datePublished\":\"2019-10-28T08:29:35+00:00\",\"dateModified\":\"2025-01-20T16:19:15+00:00\",\"description\":\"News, Trends und immer gut informiert: Polesport Langenfeld informiert \u00fcber alles was WICHTIG ist. Jetzt die News lesen\",\"breadcrumb\":{\"@id\":\"https:\/\/www.niceandeasy.team\/index.php\/news\/#breadcrumb\"},\"inLanguage\":\"de\",\"potentialAction\":[{\"@type\":\"ReadAction\",\"target\":[\"https:\/\/www.niceandeasy.team\/index.php\/news\/\"]}]},{\"@type\":\"BreadcrumbList\",\"@id\":\"https:\/\/www.niceandeasy.team\/index.php\/news\/#breadcrumb\",\"itemListElement\":[{\"@type\":\"ListItem\",\"position\":1,\"name\":\"Startseite\",\"item\":\"https:\/\/www.niceandeasy.team\/\"},{\"@type\":\"ListItem\",\"position\":2,\"name\":\"News\"}]},{\"@type\":\"WebSite\",\"@id\":\"https:\/\/www.niceandeasy.team\/#website\",\"url\":\"https:\/\/www.niceandeasy.team\/\",\"name\":\"Nice &amp; Easy\",\"description\":\"POLESPORT\",\"potentialAction\":[{\"@type\":\"SearchAction\",\"target\":{\"@type\":\"EntryPoint\",\"urlTemplate\":\"https:\/\/www.niceandeasy.team\/?s={search_term_string}\"},\"query-input\":{\"@type\":\"PropertyValueSpecification\",\"valueRequired\":true,\"valueName\":\"search_term_string\"}}],\"inLanguage\":\"de\"}]}<\/script>\n<!-- \/ Yoast SEO plugin. -->","yoast_head_json":{"title":"News im Polesport Langenfeld => Jetzt informieren","description":"News, Trends und immer gut informiert: Polesport Langenfeld informiert \u00fcber alles was WICHTIG ist. Jetzt die News lesen","robots":{"index":"index","follow":"follow","max-snippet":"max-snippet:-1","max-image-preview":"max-image-preview:large","max-video-preview":"max-video-preview:-1"},"canonical":"https:\/\/www.niceandeasy.team\/index.php\/news\/","og_locale":"de_DE","og_type":"article","og_title":"News im Polesport Langenfeld => Jetzt informieren","og_description":"News, Trends und immer gut informiert: Polesport Langenfeld informiert \u00fcber alles was WICHTIG ist. Jetzt die News lesen","og_url":"https:\/\/www.niceandeasy.team\/index.php\/news\/","og_site_name":"Nice &amp; Easy","article_modified_time":"2025-01-20T16:19:15+00:00","twitter_card":"summary_large_image","twitter_misc":{"Gesch\u00e4tzte Lesezeit":"4\u00a0Minuten"},"schema":{"@context":"https:\/\/schema.org","@graph":[{"@type":"WebPage","@id":"https:\/\/www.niceandeasy.team\/index.php\/news\/","url":"https:\/\/www.niceandeasy.team\/index.php\/news\/","name":"News im Polesport Langenfeld => Jetzt informieren","isPartOf":{"@id":"https:\/\/www.niceandeasy.team\/#website"},"datePublished":"2019-10-28T08:29:35+00:00","dateModified":"2025-01-20T16:19:15+00:00","description":"News, Trends und immer gut informiert: Polesport Langenfeld informiert \u00fcber alles was WICHTIG ist. Jetzt die News lesen","breadcrumb":{"@id":"https:\/\/www.niceandeasy.team\/index.php\/news\/#breadcrumb"},"inLanguage":"de","potentialAction":[{"@type":"ReadAction","target":["https:\/\/www.niceandeasy.team\/index.php\/news\/"]}]},{"@type":"BreadcrumbList","@id":"https:\/\/www.niceandeasy.team\/index.php\/news\/#breadcrumb","itemListElement":[{"@type":"ListItem","position":1,"name":"Startseite","item":"https:\/\/www.niceandeasy.team\/"},{"@type":"ListItem","position":2,"name":"News"}]},{"@type":"WebSite","@id":"https:\/\/www.niceandeasy.team\/#website","url":"https:\/\/www.niceandeasy.team\/","name":"Nice &amp; Easy","description":"POLESPORT","potentialAction":[{"@type":"SearchAction","target":{"@type":"EntryPoint","urlTemplate":"https:\/\/www.niceandeasy.team\/?s={search_term_string}"},"query-input":{"@type":"PropertyValueSpecification","valueRequired":true,"valueName":"search_term_string"}}],"inLanguage":"de"}]}},"_links":{"self":[{"href":"https:\/\/www.niceandeasy.team\/index.php\/wp-json\/wp\/v2\/pages\/311","targetHints":{"allow":["GET"]}}],"collection":[{"href":"https:\/\/www.niceandeasy.team\/index.php\/wp-json\/wp\/v2\/pages"}],"about":[{"href":"https:\/\/www.niceandeasy.team\/index.php\/wp-json\/wp\/v2\/types\/page"}],"author":[{"embeddable":true,"href":"https:\/\/www.niceandeasy.team\/index.php\/wp-json\/wp\/v2\/users\/1"}],"replies":[{"embeddable":true,"href":"https:\/\/www.niceandeasy.team\/index.php\/wp-json\/wp\/v2\/comments?post=311"}],"version-history":[{"count":15,"href":"https:\/\/www.niceandeasy.team\/index.php\/wp-json\/wp\/v2\/pages\/311\/revisions"}],"predecessor-version":[{"id":2400,"href":"https:\/\/www.niceandeasy.team\/index.php\/wp-json\/wp\/v2\/pages\/311\/revisions\/2400"}],"wp:attachment":[{"href":"https:\/\/www.niceandeasy.team\/index.php\/wp-json\/wp\/v2\/media?parent=311"}],"curies":[{"name":"wp","href":"https:\/\/api.w.org\/{rel}","templated":true}]}}