{"id":309,"date":"2019-10-28T08:29:04","date_gmt":"2019-10-28T08:29:04","guid":{"rendered":"https:\/\/niceandeasy.team\/?page_id=309"},"modified":"2025-02-20T21:09:06","modified_gmt":"2025-02-20T20:09:06","slug":"ueber-uns","status":"publish","type":"page","link":"https:\/\/www.niceandeasy.team\/index.php\/ueber-uns\/","title":{"rendered":"\u00dcber uns"},"content":{"rendered":"<p><div class=\"fusion-fullwidth fullwidth-box fusion-builder-row-1 fusion-flex-container fusion-parallax-none nonhundred-percent-fullwidth non-hundred-percent-height-scrolling\" style=\"--awb-background-position:center top;--awb-border-radius-top-left:0px;--awb-border-radius-top-right:0px;--awb-border-radius-bottom-right:0px;--awb-border-radius-bottom-left:0px;--awb-padding-top:18%;--awb-padding-bottom:12%;--awb-background-image:linear-gradient(0deg, rgba(211,104,249,0.66) 0%,rgba(0,0,0,0.45) 100%),url(https:\/\/www.niceandeasy.team\/wp-content\/uploads\/2021\/03\/schnupperkursa.jpg);;--awb-background-size:cover;--awb-flex-wrap:wrap;\" ><div class=\"fusion-builder-row fusion-row fusion-flex-align-items-flex-start fusion-flex-content-wrap\" style=\"max-width:calc( 1140px + 0px );margin-left: calc(-0px \/ 2 );margin-right: calc(-0px \/ 2 );\"><div class=\"fusion-layout-column fusion_builder_column fusion-builder-column-0 fusion_builder_column_1_1 1_1 fusion-flex-column fusion-animated\" style=\"--awb-bg-position:center center;--awb-bg-size:cover;--awb-width-large:100%;--awb-margin-top-large:0px;--awb-spacing-right-large:0px;--awb-margin-bottom-large:0px;--awb-spacing-left-large:0px;--awb-width-medium:100%;--awb-spacing-right-medium:0px;--awb-spacing-left-medium:0px;--awb-width-small:100%;--awb-spacing-right-small:0px;--awb-spacing-left-small:0px;\" data-animationType=\"fadeInUp\" data-animationDuration=\"1.0\" data-animationOffset=\"top-into-view\"><div class=\"fusion-column-wrapper fusion-column-has-shadow fusion-flex-justify-content-flex-start fusion-content-layout-column\"><div class=\"fusion-title title fusion-title-1 fusion-sep-none fusion-title-center fusion-title-text fusion-title-size-one\" style=\"--awb-margin-bottom:0px;--awb-margin-bottom-small:0px;\"><h1 class=\"fusion-title-heading title-heading-center fusion-responsive-typography-calculated\" style=\"margin:0;--fontSize:100;line-height:1.4;\">Wir leben Polesport<\/h1><\/div><\/div><\/div><\/div><\/div><div class=\"fusion-fullwidth fullwidth-box fusion-builder-row-2 fusion-flex-container nonhundred-percent-fullwidth non-hundred-percent-height-scrolling\" style=\"--awb-border-radius-top-left:0px;--awb-border-radius-top-right:0px;--awb-border-radius-bottom-right:0px;--awb-border-radius-bottom-left:0px;--awb-padding-top:6%;--awb-padding-bottom:4%;--awb-background-color:#f7ebf9;--awb-flex-wrap:wrap;\" ><div class=\"fusion-builder-row fusion-row fusion-flex-align-items-flex-start fusion-flex-content-wrap\" style=\"max-width:calc( 1140px + 0px );margin-left: calc(-0px \/ 2 );margin-right: calc(-0px \/ 2 );\"><div class=\"fusion-layout-column fusion_builder_column fusion-builder-column-1 fusion_builder_column_1_1 1_1 fusion-flex-column fusion-animated\" style=\"--awb-padding-bottom:20px;--awb-bg-size:cover;--awb-width-large:100%;--awb-margin-top-large:0px;--awb-spacing-right-large:0px;--awb-margin-bottom-large:0px;--awb-spacing-left-large:0px;--awb-width-medium:100%;--awb-spacing-right-medium:0px;--awb-spacing-left-medium:0px;--awb-width-small:100%;--awb-spacing-right-small:0px;--awb-spacing-left-small:0px;\" data-animationType=\"fadeInUp\" data-animationDuration=\"1.0\" data-animationOffset=\"top-into-view\"><div class=\"fusion-column-wrapper fusion-column-has-shadow fusion-flex-justify-content-flex-start fusion-content-layout-column\"><div class=\"fusion-title title fusion-title-2 fusion-sep-none fusion-title-center fusion-title-text fusion-title-size-two\" style=\"--awb-margin-top:-30px;\"><h2 class=\"fusion-title-heading title-heading-center fusion-responsive-typography-calculated\" style=\"margin:0;--fontSize:70;line-height:1.5;\">Nice &amp; Easy Polesport<\/h2><\/div><div class=\"fusion-builder-row fusion-builder-row-inner fusion-row fusion-flex-align-items-flex-start fusion-flex-content-wrap\" style=\"width:calc( 100% + 0px ) !important;max-width:calc( 100% + 0px ) !important;margin-left: calc(-0px \/ 2 );margin-right: calc(-0px \/ 2 );\"><div class=\"fusion-layout-column fusion_builder_column_inner fusion-builder-nested-column-0 fusion_builder_column_inner_1_6 1_6 fusion-flex-column\" style=\"--awb-bg-size:cover;--awb-width-large:16.666666666667%;--awb-margin-top-large:0px;--awb-spacing-right-large:0px;--awb-margin-bottom-large:0px;--awb-spacing-left-large:0px;--awb-width-medium:100%;--awb-spacing-right-medium:0px;--awb-spacing-left-medium:0px;--awb-width-small:100%;--awb-spacing-right-small:0px;--awb-spacing-left-small:0px;\"><div class=\"fusion-column-wrapper fusion-column-has-shadow fusion-flex-justify-content-flex-start fusion-content-layout-column\"><\/div><\/div><div class=\"fusion-layout-column fusion_builder_column_inner fusion-builder-nested-column-1 fusion_builder_column_inner_2_3 2_3 fusion-flex-column\" style=\"--awb-bg-size:cover;--awb-width-large:66.666666666667%;--awb-margin-top-large:0px;--awb-spacing-right-large:0px;--awb-margin-bottom-large:0px;--awb-spacing-left-large:0px;--awb-width-medium:100%;--awb-spacing-right-medium:0px;--awb-spacing-left-medium:0px;--awb-width-small:100%;--awb-spacing-right-small:0px;--awb-spacing-left-small:0px;\"><div class=\"fusion-column-wrapper fusion-column-has-shadow fusion-flex-justify-content-flex-start fusion-content-layout-column\"><div class=\"fusion-text fusion-text-1\"><p style=\"text-align: center;\"><img decoding=\"async\" class=\"wp-image-965 alignleft\" src=\"https:\/\/www.niceandeasy.team\/wp-content\/uploads\/2021\/03\/Isa_usps2.jpg\" alt=\"\" width=\"219\" height=\"183\" srcset=\"https:\/\/www.niceandeasy.team\/wp-content\/uploads\/2021\/03\/Isa_usps2-200x167.jpg 200w, https:\/\/www.niceandeasy.team\/wp-content\/uploads\/2021\/03\/Isa_usps2-300x250.jpg 300w, https:\/\/www.niceandeasy.team\/wp-content\/uploads\/2021\/03\/Isa_usps2-400x334.jpg 400w, https:\/\/www.niceandeasy.team\/wp-content\/uploads\/2021\/03\/Isa_usps2-600x501.jpg 600w, https:\/\/www.niceandeasy.team\/wp-content\/uploads\/2021\/03\/Isa_usps2-768x641.jpg 768w, https:\/\/www.niceandeasy.team\/wp-content\/uploads\/2021\/03\/Isa_usps2-800x668.jpg 800w, https:\/\/www.niceandeasy.team\/wp-content\/uploads\/2021\/03\/Isa_usps2.jpg 900w\" sizes=\"(max-width: 219px) 100vw, 219px\" \/><\/p>\n<p>Seit \u00fcber 10 Jahren ist der POLESPORT unsere gro\u00dfe Leidenschaft. Die Kombination aus Kraft, Akrobatik, Eleganz und Tanz begeistert uns immer wieder aufs Neue und bereitet uns unheimlich viel Freude. Dieses besondere Gef\u00fchl m\u00f6chten wir mit Euch teilen, weshalb wir uns entschieden haben, ein Studio hier in Langenfeld zu er\u00f6ffnen.<\/p>\n<p>Unser Studio soll mehr sein als nur ein Ort zum Training \u2013 es steht f\u00fcr eine Philosophie. Wir m\u00f6chten einen Raum schaffen, in dem Ihr euch rundum willkommen und angenommen f\u00fchlt. In einer freundlichen und unterst\u00fctzenden Atmosph\u00e4re werden wir gemeinsam an Euren pers\u00f6nlichen Zielen und Tr\u00e4umen arbeiten und gesundes, k\u00f6rperbewusstes Training in den Mittelpunkt stellen.<\/p>\n<p>Wir freuen uns darauf, Euch auf dieser Reise zu begleiten und gemeinsam zu wachsen!<\/p>\n<p style=\"text-align: center;\">\n<\/div><\/div><\/div><div class=\"fusion-layout-column fusion_builder_column_inner fusion-builder-nested-column-2 fusion_builder_column_inner_1_6 1_6 fusion-flex-column\" style=\"--awb-bg-size:cover;--awb-width-large:16.666666666667%;--awb-margin-top-large:0px;--awb-spacing-right-large:0px;--awb-margin-bottom-large:0px;--awb-spacing-left-large:0px;--awb-width-medium:100%;--awb-spacing-right-medium:0px;--awb-spacing-left-medium:0px;--awb-width-small:100%;--awb-spacing-right-small:0px;--awb-spacing-left-small:0px;\"><div class=\"fusion-column-wrapper fusion-column-has-shadow fusion-flex-justify-content-flex-start fusion-content-layout-column\"><\/div><\/div><\/div><\/div><\/div><\/div><\/div><div class=\"fusion-fullwidth fullwidth-box fusion-builder-row-3 fusion-flex-container nonhundred-percent-fullwidth non-hundred-percent-height-scrolling\" style=\"--awb-border-radius-top-left:0px;--awb-border-radius-top-right:0px;--awb-border-radius-bottom-right:0px;--awb-border-radius-bottom-left:0px;--awb-padding-top:6%;--awb-padding-bottom:9%;--awb-background-color:#f7ebf9;--awb-background-image:linear-gradient(0deg, #eedaf1 0%,rgba(255,255,255,0) 100%);--awb-flex-wrap:wrap;\" ><div class=\"fusion-builder-row fusion-row fusion-flex-align-items-flex-start fusion-flex-content-wrap\" style=\"max-width:1185.6px;margin-left: calc(-4% \/ 2 );margin-right: calc(-4% \/ 2 );\"><div class=\"fusion-layout-column fusion_builder_column fusion-builder-column-2 fusion_builder_column_1_1 1_1 fusion-flex-column fusion-animated\" style=\"--awb-padding-top:60px;--awb-padding-right:60px;--awb-padding-bottom:60px;--awb-padding-left:60px;--awb-overflow:hidden;--awb-bg-color:rgba(255,255,255,0.4);--awb-bg-color-hover:rgba(255,255,255,0.4);--awb-bg-image:linear-gradient(0deg, rgba(246,212,249,0.5) 0%,rgba(247,235,249,0) 100%);--awb-bg-size:cover;--awb-box-shadow:0px 10px 23px 0px rgba(173,31,95,0.3);;--awb-border-radius:12px 12px 12px 12px;--awb-width-large:100%;--awb-margin-top-large:0px;--awb-spacing-right-large:1.92%;--awb-margin-bottom-large:30px;--awb-spacing-left-large:1.92%;--awb-width-medium:100%;--awb-spacing-right-medium:1.92%;--awb-spacing-left-medium:1.92%;--awb-width-small:100%;--awb-spacing-right-small:1.92%;--awb-spacing-left-small:1.92%;\" data-animationType=\"fadeInLeft\" data-animationDuration=\"1.0\" data-animationOffset=\"top-into-view\"><div class=\"fusion-column-wrapper fusion-column-has-shadow fusion-flex-justify-content-flex-start fusion-content-layout-column\"><div class=\"fusion-image-element \" style=\"text-align:center;--awb-max-width:200px;--awb-caption-title-font-family:var(--h2_typography-font-family);--awb-caption-title-font-weight:var(--h2_typography-font-weight);--awb-caption-title-font-style:var(--h2_typography-font-style);--awb-caption-title-size:var(--h2_typography-font-size);--awb-caption-title-transform:var(--h2_typography-text-transform);--awb-caption-title-line-height:var(--h2_typography-line-height);--awb-caption-title-letter-spacing:var(--h2_typography-letter-spacing);\"><span class=\" fusion-imageframe imageframe-none imageframe-1 hover-type-zoomout fusion-animated\" style=\"border-radius:50%;\" data-animationType=\"fadeInDown\" data-animationDuration=\"1.0\" data-animationOffset=\"top-into-view\"><img decoding=\"async\" width=\"600\" height=\"398\" title=\"2909-2\" src=\"https:\/\/niceandeasy.team\/wp-content\/uploads\/2021\/04\/2909-2-600x398.jpg\" alt class=\"img-responsive wp-image-1582\" srcset=\"https:\/\/www.niceandeasy.team\/wp-content\/uploads\/2021\/04\/2909-2-200x133.jpg 200w, https:\/\/www.niceandeasy.team\/wp-content\/uploads\/2021\/04\/2909-2-400x265.jpg 400w, https:\/\/www.niceandeasy.team\/wp-content\/uploads\/2021\/04\/2909-2-600x398.jpg 600w, https:\/\/www.niceandeasy.team\/wp-content\/uploads\/2021\/04\/2909-2-800x530.jpg 800w, https:\/\/www.niceandeasy.team\/wp-content\/uploads\/2021\/04\/2909-2-1200x795.jpg 1200w, https:\/\/www.niceandeasy.team\/wp-content\/uploads\/2021\/04\/2909-2.jpg 2000w\" sizes=\"(max-width: 1024px) 100vw, (max-width: 640px) 100vw, 1200px\" \/><\/span><\/div><div class=\"fusion-title title fusion-title-3 fusion-sep-none fusion-title-center fusion-title-rotating fusion-animate-once fusion-title-flipInX fusion-title-size-three\" style=\"--awb-margin-top:30px;--awb-margin-bottom:10px;--awb-margin-top-small:30px;--awb-margin-bottom-small:10px;\"><h3 class=\"fusion-title-heading title-heading-center fusion-responsive-typography-calculated\" style=\"margin:0;--fontSize:20;--minFontSize:20;line-height:1.5;\"><span class=\"fusion-animated-text-prefix\"><\/span> <span class=\"fusion-animated-texts-wrapper\" style=\"text-align: center;\" data-length=\"line\" data-minDisplayTime=\"3000\"><span class=\"fusion-animated-texts\"><span data-in-effect=\"flipInX\" class=\"fusion-animated-text\" data-in-sequence=\"true\" data-out-reverse=\"true\" data-out-effect=\"flipOutX\">Isabell<\/span><\/span><\/span> <span class=\"fusion-animated-text-postfix\"><\/span><\/h3><\/div><div class=\"fusion-separator fusion-full-width-sep\" style=\"align-self: center;margin-left: auto;margin-right: auto;margin-top:20px;width:100%;\"><\/div><div style=\"text-align:center;\"><a class=\"fusion-button button-flat fusion-button-default-size button-default fusion-button-default button-1 fusion-button-default-span fusion-button-default-type\" target=\"_self\" href=\"https:\/\/niceandeasy.team\/index.php\/kontakt\/\"><i class=\"fa-calendar-check far awb-button__icon awb-button__icon--default button-icon-left\" aria-hidden=\"true\"><\/i><span class=\"fusion-button-text awb-button__text awb-button__text--default\">Kontakt<\/span><\/a><\/div><\/div><\/div><\/div><\/div><div class=\"fusion-fullwidth fullwidth-box fusion-builder-row-4 fusion-flex-container fusion-parallax-none nonhundred-percent-fullwidth non-hundred-percent-height-scrolling\" style=\"--awb-background-position:center bottom;--awb-border-radius-top-left:0px;--awb-border-radius-top-right:0px;--awb-border-radius-bottom-right:0px;--awb-border-radius-bottom-left:0px;--awb-padding-bottom:4%;--awb-background-image:linear-gradient(180deg, #ffffff 0%,rgba(231,204,182,0.49) 100%),url(https:\/\/niceandeasy.team\/wp-content\/uploads\/2019\/10\/cta-background-mandala.jpg);;--awb-background-size:cover;--awb-flex-wrap:wrap;\" ><div class=\"fusion-builder-row fusion-row fusion-flex-align-items-flex-start fusion-flex-content-wrap\" style=\"max-width:1185.6px;margin-left: calc(-4% \/ 2 );margin-right: calc(-4% \/ 2 );\"><div class=\"fusion-layout-column fusion_builder_column fusion-builder-column-3 fusion_builder_column_1_6 1_6 fusion-flex-column\" style=\"--awb-bg-size:cover;--awb-width-large:16.666666666667%;--awb-margin-top-large:0px;--awb-spacing-right-large:11.52%;--awb-margin-bottom-large:0px;--awb-spacing-left-large:11.52%;--awb-width-medium:100%;--awb-spacing-right-medium:1.92%;--awb-spacing-left-medium:1.92%;--awb-width-small:100%;--awb-spacing-right-small:1.92%;--awb-spacing-left-small:1.92%;\"><div class=\"fusion-column-wrapper fusion-column-has-shadow fusion-flex-justify-content-flex-start fusion-content-layout-column\"><\/div><\/div><div class=\"fusion-layout-column fusion_builder_column fusion-builder-column-4 fusion_builder_column_2_3 2_3 fusion-flex-column fusion-animated\" style=\"--awb-padding-top:60px;--awb-padding-right:30px;--awb-padding-bottom:60px;--awb-padding-left:30px;--awb-overflow:hidden;--awb-bg-color:#ffffff;--awb-bg-color-hover:#ffffff;--awb-bg-image:linear-gradient(0deg, rgba(231,204,182,0.76) 0%,rgba(231,204,182,0) 100%);--awb-bg-size:cover;--awb-box-shadow:0px 10px 30px 0px rgba(204,176,146,0.88);;--awb-border-radius:12px 12px 12px 12px;--awb-width-large:66.666666666667%;--awb-margin-top-large:-30px;--awb-spacing-right-large:2.88%;--awb-margin-bottom-large:60px;--awb-spacing-left-large:2.88%;--awb-width-medium:100%;--awb-spacing-right-medium:1.92%;--awb-spacing-left-medium:1.92%;--awb-width-small:100%;--awb-spacing-right-small:1.92%;--awb-spacing-left-small:1.92%;\" data-animationType=\"fadeInUp\" data-animationDuration=\"1.0\" data-animationOffset=\"top-into-view\"><div class=\"fusion-column-wrapper fusion-column-has-shadow fusion-flex-justify-content-flex-start fusion-content-layout-column\"><div class=\"fusion-text fusion-text-2\"><p style=\"text-align: center;\"><span style=\"color: #a794a4;\"><strong>DU BIST MITGLIED BEI UNS<\/strong><\/span><\/p>\n<\/div><div class=\"fusion-title title fusion-title-4 fusion-sep-none fusion-title-center fusion-title-text fusion-title-size-two\" style=\"--awb-margin-top:-30px;--awb-margin-bottom:10px;--awb-margin-bottom-small:10px;--awb-font-size:60px;\"><h2 class=\"fusion-title-heading title-heading-center fusion-responsive-typography-calculated\" style=\"margin:0;font-size:1em;--fontSize:60;line-height:1.5;\">Kurs ausw\u00e4hlen &amp; buchen<\/h2><\/div><div style=\"text-align:center;\"><a class=\"fusion-button button-flat fusion-button-default-size button-default fusion-button-default button-2 fusion-button-default-span fusion-button-default-type\" style=\"--button_text_transform:uppercase;\" target=\"_blank\" rel=\"noopener noreferrer\" href=\"https:\/\/www.niceandeasy.team\/index.php\/kundenportal\/\"><span class=\"fusion-button-text awb-button__text awb-button__text--default\">Weiterleitung zur Buchung<\/span><\/a><\/div><\/div><\/div><div class=\"fusion-layout-column fusion_builder_column fusion-builder-column-5 fusion_builder_column_1_6 1_6 fusion-flex-column fusion-no-small-visibility fusion-no-medium-visibility\" style=\"--awb-bg-size:cover;--awb-width-large:16.666666666667%;--awb-margin-top-large:0px;--awb-spacing-right-large:11.52%;--awb-margin-bottom-large:0px;--awb-spacing-left-large:11.52%;--awb-width-medium:100%;--awb-spacing-right-medium:1.92%;--awb-spacing-left-medium:1.92%;--awb-width-small:100%;--awb-spacing-right-small:1.92%;--awb-spacing-left-small:1.92%;\"><div class=\"fusion-column-wrapper fusion-column-has-shadow fusion-flex-justify-content-flex-start fusion-content-layout-column\"><\/div><\/div><\/div><\/div><\/p>\n","protected":false},"excerpt":{"rendered":"","protected":false},"author":1,"featured_media":0,"parent":0,"menu_order":0,"comment_status":"closed","ping_status":"closed","template":"100-width.php","meta":{"footnotes":""},"class_list":["post-309","page","type-page","status-publish","hentry"],"yoast_head":"<!-- This site is optimized with the Yoast SEO plugin v26.9 - https:\/\/yoast.com\/product\/yoast-seo-wordpress\/ -->\n<title>Nice &amp; Easy Polesport in Langenfeld - Das sind wir<\/title>\n<meta name=\"description\" content=\"Nice &amp; Easy Polesport in Langenfeld. Das sind wir: Nicole und Isabell. POLESPORT ist unsere gro\u00dfe Leidenschaft.\" \/>\n<meta name=\"robots\" content=\"index, follow, max-snippet:-1, max-image-preview:large, max-video-preview:-1\" \/>\n<link rel=\"canonical\" href=\"https:\/\/www.niceandeasy.team\/index.php\/ueber-uns\/\" \/>\n<meta property=\"og:locale\" content=\"de_DE\" \/>\n<meta property=\"og:type\" content=\"article\" \/>\n<meta property=\"og:title\" content=\"Nice &amp; Easy Polesport in Langenfeld - Das sind wir\" \/>\n<meta property=\"og:description\" content=\"Nice &amp; Easy Polesport in Langenfeld. Das sind wir: Nicole und Isabell. POLESPORT ist unsere gro\u00dfe Leidenschaft.\" \/>\n<meta property=\"og:url\" content=\"https:\/\/www.niceandeasy.team\/index.php\/ueber-uns\/\" \/>\n<meta property=\"og:site_name\" content=\"Nice &amp; Easy\" \/>\n<meta property=\"article:modified_time\" content=\"2025-02-20T20:09:06+00:00\" \/>\n<meta property=\"og:image\" content=\"https:\/\/www.niceandeasy.team\/wp-content\/uploads\/2021\/03\/Isa_usps2.jpg\" \/>\n\t<meta property=\"og:image:width\" content=\"900\" \/>\n\t<meta property=\"og:image:height\" content=\"751\" \/>\n\t<meta property=\"og:image:type\" content=\"image\/jpeg\" \/>\n<meta name=\"twitter:card\" content=\"summary_large_image\" \/>\n<meta name=\"twitter:label1\" content=\"Gesch\u00e4tzte Lesezeit\" \/>\n\t<meta name=\"twitter:data1\" content=\"11\u00a0Minuten\" \/>\n<script type=\"application\/ld+json\" class=\"yoast-schema-graph\">{\"@context\":\"https:\/\/schema.org\",\"@graph\":[{\"@type\":\"WebPage\",\"@id\":\"https:\/\/www.niceandeasy.team\/index.php\/ueber-uns\/\",\"url\":\"https:\/\/www.niceandeasy.team\/index.php\/ueber-uns\/\",\"name\":\"Nice & Easy Polesport in Langenfeld - Das sind wir\",\"isPartOf\":{\"@id\":\"https:\/\/www.niceandeasy.team\/#website\"},\"primaryImageOfPage\":{\"@id\":\"https:\/\/www.niceandeasy.team\/index.php\/ueber-uns\/#primaryimage\"},\"image\":{\"@id\":\"https:\/\/www.niceandeasy.team\/index.php\/ueber-uns\/#primaryimage\"},\"thumbnailUrl\":\"https:\/\/www.niceandeasy.team\/wp-content\/uploads\/2021\/03\/Isa_usps2.jpg\",\"datePublished\":\"2019-10-28T08:29:04+00:00\",\"dateModified\":\"2025-02-20T20:09:06+00:00\",\"description\":\"Nice & Easy Polesport in Langenfeld. Das sind wir: Nicole und Isabell. POLESPORT ist unsere gro\u00dfe Leidenschaft.\",\"breadcrumb\":{\"@id\":\"https:\/\/www.niceandeasy.team\/index.php\/ueber-uns\/#breadcrumb\"},\"inLanguage\":\"de\",\"potentialAction\":[{\"@type\":\"ReadAction\",\"target\":[\"https:\/\/www.niceandeasy.team\/index.php\/ueber-uns\/\"]}]},{\"@type\":\"ImageObject\",\"inLanguage\":\"de\",\"@id\":\"https:\/\/www.niceandeasy.team\/index.php\/ueber-uns\/#primaryimage\",\"url\":\"https:\/\/www.niceandeasy.team\/wp-content\/uploads\/2021\/03\/Isa_usps2.jpg\",\"contentUrl\":\"https:\/\/www.niceandeasy.team\/wp-content\/uploads\/2021\/03\/Isa_usps2.jpg\",\"width\":900,\"height\":751},{\"@type\":\"BreadcrumbList\",\"@id\":\"https:\/\/www.niceandeasy.team\/index.php\/ueber-uns\/#breadcrumb\",\"itemListElement\":[{\"@type\":\"ListItem\",\"position\":1,\"name\":\"Startseite\",\"item\":\"https:\/\/www.niceandeasy.team\/\"},{\"@type\":\"ListItem\",\"position\":2,\"name\":\"\u00dcber uns\"}]},{\"@type\":\"WebSite\",\"@id\":\"https:\/\/www.niceandeasy.team\/#website\",\"url\":\"https:\/\/www.niceandeasy.team\/\",\"name\":\"Nice &amp; Easy\",\"description\":\"POLESPORT\",\"potentialAction\":[{\"@type\":\"SearchAction\",\"target\":{\"@type\":\"EntryPoint\",\"urlTemplate\":\"https:\/\/www.niceandeasy.team\/?s={search_term_string}\"},\"query-input\":{\"@type\":\"PropertyValueSpecification\",\"valueRequired\":true,\"valueName\":\"search_term_string\"}}],\"inLanguage\":\"de\"}]}<\/script>\n<!-- \/ Yoast SEO plugin. -->","yoast_head_json":{"title":"Nice & Easy Polesport in Langenfeld - Das sind wir","description":"Nice & Easy Polesport in Langenfeld. Das sind wir: Nicole und Isabell. POLESPORT ist unsere gro\u00dfe Leidenschaft.","robots":{"index":"index","follow":"follow","max-snippet":"max-snippet:-1","max-image-preview":"max-image-preview:large","max-video-preview":"max-video-preview:-1"},"canonical":"https:\/\/www.niceandeasy.team\/index.php\/ueber-uns\/","og_locale":"de_DE","og_type":"article","og_title":"Nice & Easy Polesport in Langenfeld - Das sind wir","og_description":"Nice & Easy Polesport in Langenfeld. Das sind wir: Nicole und Isabell. POLESPORT ist unsere gro\u00dfe Leidenschaft.","og_url":"https:\/\/www.niceandeasy.team\/index.php\/ueber-uns\/","og_site_name":"Nice &amp; Easy","article_modified_time":"2025-02-20T20:09:06+00:00","og_image":[{"width":900,"height":751,"url":"https:\/\/www.niceandeasy.team\/wp-content\/uploads\/2021\/03\/Isa_usps2.jpg","type":"image\/jpeg"}],"twitter_card":"summary_large_image","twitter_misc":{"Gesch\u00e4tzte Lesezeit":"11\u00a0Minuten"},"schema":{"@context":"https:\/\/schema.org","@graph":[{"@type":"WebPage","@id":"https:\/\/www.niceandeasy.team\/index.php\/ueber-uns\/","url":"https:\/\/www.niceandeasy.team\/index.php\/ueber-uns\/","name":"Nice & Easy Polesport in Langenfeld - Das sind wir","isPartOf":{"@id":"https:\/\/www.niceandeasy.team\/#website"},"primaryImageOfPage":{"@id":"https:\/\/www.niceandeasy.team\/index.php\/ueber-uns\/#primaryimage"},"image":{"@id":"https:\/\/www.niceandeasy.team\/index.php\/ueber-uns\/#primaryimage"},"thumbnailUrl":"https:\/\/www.niceandeasy.team\/wp-content\/uploads\/2021\/03\/Isa_usps2.jpg","datePublished":"2019-10-28T08:29:04+00:00","dateModified":"2025-02-20T20:09:06+00:00","description":"Nice & Easy Polesport in Langenfeld. Das sind wir: Nicole und Isabell. POLESPORT ist unsere gro\u00dfe Leidenschaft.","breadcrumb":{"@id":"https:\/\/www.niceandeasy.team\/index.php\/ueber-uns\/#breadcrumb"},"inLanguage":"de","potentialAction":[{"@type":"ReadAction","target":["https:\/\/www.niceandeasy.team\/index.php\/ueber-uns\/"]}]},{"@type":"ImageObject","inLanguage":"de","@id":"https:\/\/www.niceandeasy.team\/index.php\/ueber-uns\/#primaryimage","url":"https:\/\/www.niceandeasy.team\/wp-content\/uploads\/2021\/03\/Isa_usps2.jpg","contentUrl":"https:\/\/www.niceandeasy.team\/wp-content\/uploads\/2021\/03\/Isa_usps2.jpg","width":900,"height":751},{"@type":"BreadcrumbList","@id":"https:\/\/www.niceandeasy.team\/index.php\/ueber-uns\/#breadcrumb","itemListElement":[{"@type":"ListItem","position":1,"name":"Startseite","item":"https:\/\/www.niceandeasy.team\/"},{"@type":"ListItem","position":2,"name":"\u00dcber uns"}]},{"@type":"WebSite","@id":"https:\/\/www.niceandeasy.team\/#website","url":"https:\/\/www.niceandeasy.team\/","name":"Nice &amp; Easy","description":"POLESPORT","potentialAction":[{"@type":"SearchAction","target":{"@type":"EntryPoint","urlTemplate":"https:\/\/www.niceandeasy.team\/?s={search_term_string}"},"query-input":{"@type":"PropertyValueSpecification","valueRequired":true,"valueName":"search_term_string"}}],"inLanguage":"de"}]}},"_links":{"self":[{"href":"https:\/\/www.niceandeasy.team\/index.php\/wp-json\/wp\/v2\/pages\/309","targetHints":{"allow":["GET"]}}],"collection":[{"href":"https:\/\/www.niceandeasy.team\/index.php\/wp-json\/wp\/v2\/pages"}],"about":[{"href":"https:\/\/www.niceandeasy.team\/index.php\/wp-json\/wp\/v2\/types\/page"}],"author":[{"embeddable":true,"href":"https:\/\/www.niceandeasy.team\/index.php\/wp-json\/wp\/v2\/users\/1"}],"replies":[{"embeddable":true,"href":"https:\/\/www.niceandeasy.team\/index.php\/wp-json\/wp\/v2\/comments?post=309"}],"version-history":[{"count":24,"href":"https:\/\/www.niceandeasy.team\/index.php\/wp-json\/wp\/v2\/pages\/309\/revisions"}],"predecessor-version":[{"id":2429,"href":"https:\/\/www.niceandeasy.team\/index.php\/wp-json\/wp\/v2\/pages\/309\/revisions\/2429"}],"wp:attachment":[{"href":"https:\/\/www.niceandeasy.team\/index.php\/wp-json\/wp\/v2\/media?parent=309"}],"curies":[{"name":"wp","href":"https:\/\/api.w.org\/{rel}","templated":true}]}}