{"id":1012,"date":"2021-03-15T20:48:49","date_gmt":"2021-03-15T20:48:49","guid":{"rendered":"https:\/\/niceandeasy.team\/?page_id=1012"},"modified":"2025-08-07T16:31:07","modified_gmt":"2025-08-07T14:31:07","slug":"allgemeine-geschaeftsbedingungen","status":"publish","type":"page","link":"https:\/\/www.niceandeasy.team\/index.php\/allgemeine-geschaeftsbedingungen\/","title":{"rendered":"Allgemeine Gesch\u00e4ftsbedingungen"},"content":{"rendered":"<div class=\"fusion-fullwidth fullwidth-box fusion-builder-row-1 fusion-flex-container nonhundred-percent-fullwidth non-hundred-percent-height-scrolling\" style=\"--awb-border-radius-top-left:0px;--awb-border-radius-top-right:0px;--awb-border-radius-bottom-right:0px;--awb-border-radius-bottom-left:0px;--awb-flex-wrap:wrap;\" ><div class=\"fusion-builder-row fusion-row fusion-flex-align-items-flex-start fusion-flex-content-wrap\" style=\"max-width:1185.6px;margin-left: calc(-4% \/ 2 );margin-right: calc(-4% \/ 2 );\"><div class=\"fusion-layout-column fusion_builder_column fusion-builder-column-0 fusion_builder_column_1_1 1_1 fusion-flex-column\" style=\"--awb-bg-size:cover;--awb-width-large:100%;--awb-margin-top-large:0px;--awb-spacing-right-large:1.92%;--awb-margin-bottom-large:0px;--awb-spacing-left-large:1.92%;--awb-width-medium:100%;--awb-spacing-right-medium:1.92%;--awb-spacing-left-medium:1.92%;--awb-width-small:100%;--awb-spacing-right-small:1.92%;--awb-spacing-left-small:1.92%;\"><div class=\"fusion-column-wrapper fusion-flex-justify-content-flex-start fusion-content-layout-column\"><div class=\"fusion-text fusion-text-1\"><h2 data-fontsize=\"70\" style=\"--fontSize: 70; line-height: 1.5;\" data-lineheight=\"105px\" class=\"fusion-responsive-typography-calculated\">Allgemeine Gesch\u00e4ftsbedingungen<\/h2>\n<p><strong> 1. <\/strong><strong>G\u00dcLTIGKEIT<\/strong><\/p>\n<p>Die Allgemeinen Gesch\u00e4ftsbedingungen (AGB) gelten f\u00fcr s\u00e4mtliche Vertr\u00e4ge zwischen Nice&amp;Easy Polesport und ihren Kunden\/innen, sofern es in Einzelf\u00e4llen zu keinen anderen schriftlichen Vereinbarungen kam.<\/p>\n<p><strong>2. VERTRAGSGEGENSTAND<\/strong><\/p>\n<p>2.1 Beratung und Betreuung<\/p>\n<p>Der Vertragsgegenstand ist eine individuelle Beratung und Betreuung der Kunden im Rahmen der vereinbarten (Gruppen)- Trainings- und Gesundheitsberatung.<\/p>\n<p>2.2 Konzept<\/p>\n<p>N&amp;E bietet ein auf den\/die Kunden\/innen individuell personenbezogenes Konzept an. Insbesondere werden Trainingsinhalten, Trainingsziele sowie Sportbekleidungsauswahl und ggfs. Ern\u00e4hrungsberatung angeboten. Das Konzept ber\u00fccksichtigt die jeweiligen Bed\u00fcrfnisse und k\u00f6rperlichen F\u00e4higkeiten des Kunden. Die Betreuung des Kunden erfolgt pers\u00f6nlich durch den Trainer.<\/p>\n<p>Alle Veranstaltungen und Kurse werden von N&amp;E durchgef\u00fchrt. Das Lehrangebot der einzelnen Kurse ist nicht verbindlich und richtet sich nach dem Leistungsniveau der Teilnehmer. Der Fortschritt und Erfolg im Kurs f\u00fcr den Einzelnen h\u00e4ngen von seinen pers\u00f6nlichen F\u00e4higkeiten ab. Ein bestimmter Erfolg kann von N&amp;E nicht garantiert werden. \u00c4nderungen im Kursplan sind jederzeit m\u00f6glich. Wir behalten uns das Recht vor, einzelne Kurse bei zu geringer Teilnehmerzahl abzusagen oder zusammenzulegen, informieren Sie dar\u00fcber jedoch rechtzeitig. Entf\u00e4llt ein Kurs, kann dieser gem\u00e4\u00df dem Leistungsniveau in einem anderen Kurs nachgeholt werden.<\/p>\n<p>Teilnehmerinnen buchen sich sp\u00e4testens 24 Std vor Kurbeginn in unser Buchungssystem Niceandeasy.team ein. Bei Nichterfolgung besteht keine Garantie auf Kursteilnahme.<\/p>\n<\/p>\n<p><strong>3. VERTRAG <\/strong><\/p>\n<p>3.1 Vertragsabschluss<\/p>\n<p>Die Anmeldung hat schriftlich mit Angabe von vollst\u00e4ndigem Namen und Adresse, Telefonnummer und Geburtsdatum zu erfolgen und ist auch ohne schriftliche Best\u00e4tigung verbindlich. Die N&amp;E und der\/die zuk\u00fcnftige Kunde\/in k\u00f6nnen die Vereinbarung ohne Angabe von Gr\u00fcnden innerhalb von 14 Tagen widerrufen. Minderj\u00e4hrige Kunden\/innen ben\u00f6tigen die Einverst\u00e4ndniserkl\u00e4rung der Eltern.<\/p>\n<p>Mit der Anmeldung best\u00e4tigt der\/die Kunde\/in, dass die AGB zur Kenntnis genommen wurde und anerkennt.<\/p>\n<p>3.2.Verg\u00fctung\/Honorar<\/p>\n<p>Die Verg\u00fctung wird nach Unterzeichnung des Vertrages erstmalig zum Folgemonat, jeweils zum 15ten eines Monats an die N&amp;E f\u00e4llig. Der Kunde\/in verpflichtet sich einen Dauerauftrag f\u00fcr die Laufzeit des Vertrages, \u00fcber die H\u00f6he der vereinbarten Verg\u00fctung bei seiner\/ihrer Bank zugunsten N&amp;E ( Deutsche Bank AG, IBAN DE13 3607 0208 0061 7837 00, BIC DEUTDEXXXXX ) einzustellen. Sonderkurse und Events sind vor der Veranstaltung zu verg\u00fcten!<\/p>\n<p>3.2.1. Preisanpassungsrecht<\/p>\n<p>Die vertragliche Verg\u00fctung enth\u00e4lt derzeit einen Mehrwertsteuersatz von 19%. Bei einer gesetzlichen \u00c4nderung des Steuersatzes \u00e4ndert sich die Verg\u00fctung entsprechend der Differenz vom alten zum neuen Steuersatz.<\/p>\n<p>3.3. Pflichten Kunde\/in<\/p>\n<p>Jeder\/e Kunde\/in ist verpflichtet, jede \u00c4nderung vertragsrelevanter Daten (Name, Adresse, E-mail-Adresse, Telefonnummer, ggf. Studienabschluss\u2013 bzw. Abbruch des Studiums und Bankverbindung) N&amp;E mitzuteilen. Kosten, die durch Unterlassung dieser Pflicht entstehen, m\u00fcssen dem\/der Kunden\/in in Rechnung gestellt werden.<\/p>\n<\/p>\n<p>3.3.1. Zahlungsverzug<\/p>\n<p>Befindet sich der\/die Kunde\/in zwei oder mehr Monate mit seiner\/Ihrer Zahlung in Verzug, so ist die N&amp;E berechtigt, den Vertrag per sofort zu k\u00fcndigen. Im \u00dcbrigen gelten die gesetzlichen Bestimmungen.<\/p>\n<p>3.3.2. Verzugskosten<\/p>\n<p>Die N&amp;E beh\u00e4lt sich das Recht vor, dem Kunde\/in Verzugskosten in Rechnung zu stellen. Hierunter fallen auch die Kosten einer zweckentsprechenden Rechtsverfolgung.<\/p>\n<p><strong>4. LAUFZEIT\/ RUHEN\/ K\u00dcNDIGUNG\/ \u00dcBERTRAGBARKEIT\/ KRANKHEIT\/ SCHWANGERSCHAFT<\/strong><\/p>\n<p>4.1. Erstlaufzeit\/ Verl\u00e4ngerung<\/p>\n<p>Die Vertragslaufzeit entspricht 6 Monate ab Vertragsabschluss und verl\u00e4ngert sich danach automatisch um drei weitere Monate, wenn weder der\/die Kunde\/in noch die N&amp;E diesen Vertrag schriftlich \u2013 sp\u00e4testens vier Wochen vor dem jeweiligen Vertragsende \u2013 gek\u00fcndigt hat.<\/p>\n<p>Dies gilt nicht f\u00fcr Vertr\u00e4ge, die zu Sonderkonditionen geschlossen wurden \u2013 diese Vertr\u00e4ge enden zum vereinbarten Ablauf, ohne dass es einer K\u00fcndigung bedarf.<\/p>\n<p>Die G\u00fcltigkeit f\u00fcr Kurskarten und Gutscheine betr\u00e4gt ein Jahr ab Kaufdatum.<\/p>\n<p>4.2. Ruhen des Vertrages<\/p>\n<p>Der\/die Kunde\/in hat die M\u00f6glichkeit, nur mit Vorlage entsprechender Nachweise und im gegenseitigen Einvernehmen mit der N&amp;E \u2013 seinen Vertrag monatsweise \u2013 stillzulegen. Diese Ma\u00dfnahme ist der N&amp;E mindestens f\u00fcnf Werktage vor Beginn des beantragten Ruhens des Vertrages bekannt zu geben. F\u00fcr eben diese Dauer ist das Kunde\/in von der Zahlung der Monatsverg\u00fctung befreit und kann die Leistungen der N&amp;E nicht in Anspruch nehmen. Der Vertragslaufzeit verl\u00e4ngert sich um die Dauer des Ruhens.<\/p>\n<p>4.3. K\u00fcndigung bei Umzug<\/p>\n<p>Bei Umzug steht dem\/der Kunde\/in ab einer Entfernung von 25 km zum bisherigen Wohnort ein Sonderk\u00fcndigungsrecht zu, das mit einer Frist von zwei Wochen, zum Monatsende zu beantragen ist. Als Nachweis hierzu sind die Ab- und Anmeldungsbest\u00e4tigung der jeweiligen Stadt\/ Gemeinde vorzulegen.<\/p>\n<\/p>\n<p>4.4.\u00dcbertragbarkeit<\/p>\n<p>Gebuchte Leistungen sind nicht an Dritte \u00fcbertragbar!<\/p>\n<p>4.5. Sporttauglichkeit<\/p>\n<p>Dem\/der Kunden\/in ist bekannt, dass die Angebote von N&amp;E nur bei entsprechender Sportgesundheit genutzt werden d\u00fcrfen. Bestehen Zweifel bez\u00fcglich der Sportgesundheit, hat der\/die Kunde\/in vor der Anmeldung zum Kurs \u2013 zur Vermeidung von Sch\u00e4den \u2013 einen Arzt zu konsultieren N&amp;E \u00fcbernimmt keine Haftung f\u00fcr gesundheitliche Sch\u00e4den, die durch die Teilnahme an Kursen\/Trainings trotz fehlender sportlicher Gesundheit entstehen. Ausgenommen von dieser Regel ist die Haftung von N&amp;E f\u00fcr Gesundheitssch\u00e4den, welche der\/die Kund\/in durch vors\u00e4tzliches oder grob fahrl\u00e4ssiges Verhalten eines gesetzlichen Vertreters oder Mitarbeiters von N&amp;E erleidet<\/p>\n<p>Im Falle von attestierter Sportunf\u00e4higkeit von mindestens 4 Wochen, ruht der Vertrag f\u00fcr diesen Zeitraum. Die Vertragslaufzeit verl\u00e4ngert sich um die attestierte Zeit der Sportunf\u00e4higkeit.<\/p>\n<p>4.6. Schwangerschaft<\/p>\n<p>Im Falle einer Schwangerschaft, ruht der Vertrag f\u00fcr den Zeitraum der Schwangerschaft. Die Vertragslaufzeit verl\u00e4ngert sich um die attestierte Zeit der Sportunf\u00e4higkeit. Die Schwangerschaft ist durch ein Attest nachzuweisen. Siehe hierzu auch \u00a7 4.5. N&amp;E weist ausdr\u00fccklich darauf hin, dass es \u00dcbungen gibt die nicht w\u00e4hrend einer Schwangerschaft auszuf\u00fchren sind. Den diesbez\u00fcglichen Anweisungen von N&amp;E bzw. dessen Mitarbeiterern sind Folge zu leisten!<\/p>\n<p><strong>5. HAFTUNG DER N&amp;E<\/strong><\/p>\n<p>Die N&amp;E haftet bei leichter Fahrl\u00e4ssigkeit sowie bei Verletzung ihrer Kardinalspflichten (dies sind die Pflichten, die eine ordnungsgem\u00e4\u00dfe Durchf\u00fchrung des Vertrages erst erm\u00f6glichen und auf deren Einhaltung der\/die Kunde\/in regelm\u00e4\u00dfig vertrauen darf). Die Haftung beschr\u00e4nkt sich auf die H\u00f6he der bei Vertragsschluss vorhersehbaren und vertragstypischen Sch\u00e4den.<\/p>\n<p>Im \u00dcbrigen ist eine Haftung ausgeschlossen, es sei denn, der Schaden beruht auf einer vors\u00e4tzlichen oder grob fahrl\u00e4ssigen Pflichtverletzung der N&amp;E oder auf einer vors\u00e4tzlichen oder grob fahrl\u00e4ssigen Pflichtverletzung eines Erf\u00fcllungsgehilfen.<\/p>\n<p>Sofern die Haftung der N&amp;E ausgeschlossen oder beschr\u00e4nkt ist, gilt dies auch f\u00fcr die pers\u00f6nliche Haftung von Vertretern oder Erf\u00fcllungsgehilfen.<\/p>\n<\/p>\n<p><strong>6. VERHALTEN IM STUDIO<\/strong><\/p>\n<p>6.1. Konsumverbote\/verbotene Gegenst\u00e4nde<\/p>\n<p>Es ist dem\/der Kunden\/in untersagt, im Studio zu rauchen, alkoholische Getr\u00e4nke oder Suchtgifte zu konsumieren. Ferner ist es dem Kunde\/in untersagt, verschreibungspflichtige Arzneimittel, die nicht dem pers\u00f6nlichen und \u00e4rztlich verordnetem Gebrauch des\/der Kunden\/in s dienen und\/oder sonstige Mittel, welche die k\u00f6rperliche Leistungsf\u00e4higkeit des Kunde\/in s erh\u00f6hen sollen (z.B. Anabolika), in das Studio mitzubringen. In gleicher Weise ist es des\/der Kunden\/in untersagt, solche Mittel entgeltlich oder unentgeltlich an Dritte anzubieten, zu verschaffen, zu \u00fcberlassen oder in sonstiger Weise zug\u00e4nglich zu machen.<\/p>\n<p>Eigene Getr\u00e4nke k\u00f6nnen jederzeit mitgebracht und konsumiert werden so lange hierf\u00fcr Plastikflaschen benutzt werden.<\/p>\n<p>Es ist nur der Gebrauch von handels\u00fcblichen Gripmitteln f\u00fcr Polestangen erlaubt.<\/p>\n<p>6.2. Begleitpersonen<\/p>\n<p>Das Mitbringen von Begleitpersonen und Tieren in das Studio ist nur nach vorheriger Absprache gestattet. Jugendliche unter 18 Jahren k\u00f6nnen jederzeit von einem Erziehungsberechtigten begleitet werden. (dieser Erziehungsberechtigt wartet dann aber w\u00e4hrend des eigentlichen Trainings im Aufenthaltsbereich)<\/p>\n<p>6.3 Fotografie und Videomaterial<\/p>\n<p>N&amp;E bietet die M\u00f6glichkeit zu vorher abgestimmten Zeiten Handy -Fotos\/Videos zu machen. N&amp;E beh\u00e4lt sich das Recht vor, die Nutzung dieses Bildmaterials f\u00fcr die sozialen Medien Facebook etc. auszuschlie\u00dfen.<\/p>\n<p>6.4 Schmuck<\/p>\n<p>Das Tragen von Schmuck (Ringe, Ohrringe, Ketten) ist w\u00e4hrend des Trainings zur Vermeidung von Verletzungen verboten. K\u00f6rperpiercings sind zu entfernen oder mit Pflastern abzukleben.<\/p>\n<p>6.5 Smartphones<\/p>\n<p>Die Nutzung von Smartphones im Studiobereich ist grunds\u00e4tzlich untersagt. Wir bitten diese w\u00e4hrend des Trainings auf lautlos zu stellen!<\/p>\n<p><strong>7. DATENSCHUTZ<\/strong><\/p>\n<p>Alle pers\u00f6nlichen Daten, insbesondere Name, Anschrift, Telefonnummer, Bankdaten, die allein zum Zwecke der Durchf\u00fchrung des entstehenden Vertragsverh\u00e4ltnisses notwendig und erforderlich sind, werden auf Grundlage gesetzlicher Berechtigungen erhoben. Eine Weitergabe dieser Daten an Dritte ist ausgeschlossen.<\/p>\n<p>Sie sind gem\u00e4\u00df Artikel 15 DSGVO jederzeit berechtigt, gegen\u00fcber N&amp;E um umfangreiche Auskunftserteilung zu den zu Ihrer Person gespeicherten Daten zu ersuchen. Gem\u00e4\u00df Artikel 17 DSGVO k\u00f6nnen Sie jederzeit gegen\u00fcber N&amp;E die Berichtigung, L\u00f6schung und Sperrung einzelner personenbezogener Daten verlangen. Sie k\u00f6nnen dar\u00fcber hinaus jederzeit ohne Angabe von Gr\u00fcnden von Ihrem Widerspruchsrecht Gebrauch machen und die erteilte Einwilligungserkl\u00e4rung mit Wirkung f\u00fcr die Zukunft ab\u00e4ndern oder g\u00e4nzlich widerrufen. Sie k\u00f6nnen den Widerruf entweder postalisch oder per E-Mail an N&amp;E \u00fcbermitteln. Es entstehen Ihnen dabei keine anderen Kosten als die Portokosten bzw. die \u00dcbermittlungskosten nach den bestehenden Basistarifen. Sie stimmen hiermit ausdr\u00fccklich der Erhebung Ihrer Daten zu vorgenanntem Zweck zu!<\/p>\n<p><strong> 8. <\/strong><strong>SCHLUSSBESTIMMUNGEN<\/strong><\/p>\n<p>8.1. \u00c4nderung der AGB:<\/p>\n<p>Die N&amp;E ist berechtigt, die AGB mit Wirkung f\u00fcr die Zukunft zu \u00e4ndern. Der\/die Kunde\/in wird von dieser \u00c4nderung schriftlich in Kenntnis gesetzt werden. Widerspricht der\/die Kunde\/in nicht innerhalb einer Frist von vier Wochen, so gelten die neuen AGB als akzeptiert und wirksam.<\/p>\n<p>8.2. Unwirksamkeit einzelner Bestimmungen<\/p>\n<p>Sollten eine oder mehrere Bestimmungen dieser AGB unwirksam sein oder werden, so l\u00e4sst dies die Wirksamkeit des Vertrages sowie dessen \u00fcbrige Bestimmungen unber\u00fchrt.<\/p>\n<p>8.3 Anzuwendendes Recht und Gerichtsstand<\/p>\n<p>Es gilt deutsches Recht. Der Gerichtsstand ist am Sitz der Gesellschaft N&amp;E.<\/p>\n<\/div><\/div><\/div><\/div><\/div>\n","protected":false},"excerpt":{"rendered":"","protected":false},"author":3,"featured_media":0,"parent":0,"menu_order":0,"comment_status":"closed","ping_status":"closed","template":"","meta":{"footnotes":""},"class_list":["post-1012","page","type-page","status-publish","hentry"],"yoast_head":"<!-- This site is optimized with the Yoast SEO plugin v26.9 - https:\/\/yoast.com\/product\/yoast-seo-wordpress\/ -->\n<title>Allgemeine Gesch\u00e4ftsbedingungen - Nice &amp; Easy<\/title>\n<meta name=\"robots\" content=\"index, follow, max-snippet:-1, max-image-preview:large, max-video-preview:-1\" \/>\n<link rel=\"canonical\" href=\"https:\/\/www.niceandeasy.team\/index.php\/allgemeine-geschaeftsbedingungen\/\" \/>\n<meta property=\"og:locale\" content=\"de_DE\" \/>\n<meta property=\"og:type\" content=\"article\" \/>\n<meta property=\"og:title\" content=\"Allgemeine Gesch\u00e4ftsbedingungen - Nice &amp; Easy\" \/>\n<meta property=\"og:url\" content=\"https:\/\/www.niceandeasy.team\/index.php\/allgemeine-geschaeftsbedingungen\/\" \/>\n<meta property=\"og:site_name\" content=\"Nice &amp; Easy\" \/>\n<meta property=\"article:modified_time\" content=\"2025-08-07T14:31:07+00:00\" \/>\n<meta name=\"twitter:card\" content=\"summary_large_image\" \/>\n<meta name=\"twitter:label1\" content=\"Gesch\u00e4tzte Lesezeit\" \/>\n\t<meta name=\"twitter:data1\" content=\"8\u00a0Minuten\" \/>\n<script type=\"application\/ld+json\" class=\"yoast-schema-graph\">{\"@context\":\"https:\/\/schema.org\",\"@graph\":[{\"@type\":\"WebPage\",\"@id\":\"https:\/\/www.niceandeasy.team\/index.php\/allgemeine-geschaeftsbedingungen\/\",\"url\":\"https:\/\/www.niceandeasy.team\/index.php\/allgemeine-geschaeftsbedingungen\/\",\"name\":\"Allgemeine Gesch\u00e4ftsbedingungen - Nice &amp; Easy\",\"isPartOf\":{\"@id\":\"https:\/\/www.niceandeasy.team\/#website\"},\"datePublished\":\"2021-03-15T20:48:49+00:00\",\"dateModified\":\"2025-08-07T14:31:07+00:00\",\"breadcrumb\":{\"@id\":\"https:\/\/www.niceandeasy.team\/index.php\/allgemeine-geschaeftsbedingungen\/#breadcrumb\"},\"inLanguage\":\"de\",\"potentialAction\":[{\"@type\":\"ReadAction\",\"target\":[\"https:\/\/www.niceandeasy.team\/index.php\/allgemeine-geschaeftsbedingungen\/\"]}]},{\"@type\":\"BreadcrumbList\",\"@id\":\"https:\/\/www.niceandeasy.team\/index.php\/allgemeine-geschaeftsbedingungen\/#breadcrumb\",\"itemListElement\":[{\"@type\":\"ListItem\",\"position\":1,\"name\":\"Startseite\",\"item\":\"https:\/\/www.niceandeasy.team\/\"},{\"@type\":\"ListItem\",\"position\":2,\"name\":\"Allgemeine Gesch\u00e4ftsbedingungen\"}]},{\"@type\":\"WebSite\",\"@id\":\"https:\/\/www.niceandeasy.team\/#website\",\"url\":\"https:\/\/www.niceandeasy.team\/\",\"name\":\"Nice &amp; Easy\",\"description\":\"POLESPORT\",\"potentialAction\":[{\"@type\":\"SearchAction\",\"target\":{\"@type\":\"EntryPoint\",\"urlTemplate\":\"https:\/\/www.niceandeasy.team\/?s={search_term_string}\"},\"query-input\":{\"@type\":\"PropertyValueSpecification\",\"valueRequired\":true,\"valueName\":\"search_term_string\"}}],\"inLanguage\":\"de\"}]}<\/script>\n<!-- \/ Yoast SEO plugin. -->","yoast_head_json":{"title":"Allgemeine Gesch\u00e4ftsbedingungen - Nice &amp; Easy","robots":{"index":"index","follow":"follow","max-snippet":"max-snippet:-1","max-image-preview":"max-image-preview:large","max-video-preview":"max-video-preview:-1"},"canonical":"https:\/\/www.niceandeasy.team\/index.php\/allgemeine-geschaeftsbedingungen\/","og_locale":"de_DE","og_type":"article","og_title":"Allgemeine Gesch\u00e4ftsbedingungen - Nice &amp; Easy","og_url":"https:\/\/www.niceandeasy.team\/index.php\/allgemeine-geschaeftsbedingungen\/","og_site_name":"Nice &amp; Easy","article_modified_time":"2025-08-07T14:31:07+00:00","twitter_card":"summary_large_image","twitter_misc":{"Gesch\u00e4tzte Lesezeit":"8\u00a0Minuten"},"schema":{"@context":"https:\/\/schema.org","@graph":[{"@type":"WebPage","@id":"https:\/\/www.niceandeasy.team\/index.php\/allgemeine-geschaeftsbedingungen\/","url":"https:\/\/www.niceandeasy.team\/index.php\/allgemeine-geschaeftsbedingungen\/","name":"Allgemeine Gesch\u00e4ftsbedingungen - Nice &amp; Easy","isPartOf":{"@id":"https:\/\/www.niceandeasy.team\/#website"},"datePublished":"2021-03-15T20:48:49+00:00","dateModified":"2025-08-07T14:31:07+00:00","breadcrumb":{"@id":"https:\/\/www.niceandeasy.team\/index.php\/allgemeine-geschaeftsbedingungen\/#breadcrumb"},"inLanguage":"de","potentialAction":[{"@type":"ReadAction","target":["https:\/\/www.niceandeasy.team\/index.php\/allgemeine-geschaeftsbedingungen\/"]}]},{"@type":"BreadcrumbList","@id":"https:\/\/www.niceandeasy.team\/index.php\/allgemeine-geschaeftsbedingungen\/#breadcrumb","itemListElement":[{"@type":"ListItem","position":1,"name":"Startseite","item":"https:\/\/www.niceandeasy.team\/"},{"@type":"ListItem","position":2,"name":"Allgemeine Gesch\u00e4ftsbedingungen"}]},{"@type":"WebSite","@id":"https:\/\/www.niceandeasy.team\/#website","url":"https:\/\/www.niceandeasy.team\/","name":"Nice &amp; Easy","description":"POLESPORT","potentialAction":[{"@type":"SearchAction","target":{"@type":"EntryPoint","urlTemplate":"https:\/\/www.niceandeasy.team\/?s={search_term_string}"},"query-input":{"@type":"PropertyValueSpecification","valueRequired":true,"valueName":"search_term_string"}}],"inLanguage":"de"}]}},"_links":{"self":[{"href":"https:\/\/www.niceandeasy.team\/index.php\/wp-json\/wp\/v2\/pages\/1012","targetHints":{"allow":["GET"]}}],"collection":[{"href":"https:\/\/www.niceandeasy.team\/index.php\/wp-json\/wp\/v2\/pages"}],"about":[{"href":"https:\/\/www.niceandeasy.team\/index.php\/wp-json\/wp\/v2\/types\/page"}],"author":[{"embeddable":true,"href":"https:\/\/www.niceandeasy.team\/index.php\/wp-json\/wp\/v2\/users\/3"}],"replies":[{"embeddable":true,"href":"https:\/\/www.niceandeasy.team\/index.php\/wp-json\/wp\/v2\/comments?post=1012"}],"version-history":[{"count":11,"href":"https:\/\/www.niceandeasy.team\/index.php\/wp-json\/wp\/v2\/pages\/1012\/revisions"}],"predecessor-version":[{"id":2477,"href":"https:\/\/www.niceandeasy.team\/index.php\/wp-json\/wp\/v2\/pages\/1012\/revisions\/2477"}],"wp:attachment":[{"href":"https:\/\/www.niceandeasy.team\/index.php\/wp-json\/wp\/v2\/media?parent=1012"}],"curies":[{"name":"wp","href":"https:\/\/api.w.org\/{rel}","templated":true}]}}